{"id":7,"date":"2011-08-08T16:07:56","date_gmt":"2011-08-08T23:07:56","guid":{"rendered":"http:\/\/blogs.kqed.org\/essentialpepin\/?page_id=7"},"modified":"2011-08-08T16:07:56","modified_gmt":"2011-08-08T23:07:56","slug":"jacques-pepin-bio","status":"publish","type":"page","link":"https:\/\/ww2.kqed.org\/essentialpepin\/jacques-pepin-bio\/","title":{"rendered":"About Jacques"},"content":{"rendered":"<p><a href=\"http:\/\/ww2.kqed.org\/essentialpepin\/wp-content\/uploads\/sites\/56\/2011\/08\/essential-pepin560.jpg\"><img loading=\"lazy\" decoding=\"async\" src=\"http:\/\/ww2.kqed.org\/essentialpepin\/wp-content\/uploads\/sites\/56\/2011\/08\/essential-pepin560.jpg\" alt=\"Jacques Pepin\" title=\"Jacques Pepin\" width=\"560\" height=\"481\" class=\"alignnone size-full wp-image-384\" srcset=\"https:\/\/ww2.kqed.org\/app\/uploads\/sites\/56\/2011\/08\/essential-pepin560.jpg 560w, https:\/\/ww2.kqed.org\/app\/uploads\/sites\/56\/2011\/08\/essential-pepin560-160x137.jpg 160w\" sizes=\"auto, (max-width: 560px) 100vw, 560px\" \/><\/a><br \/>\n<em>Photo \u00a9 2010 Cristiana Ceppas <\/em><\/p>\n<p>Jacques P\u00e9pin is world-renowned as a chef and the host of his acclaimed and popular cooking programs on public television, and as a respected instructor, a prolific author and gifted artist. P\u00e9pin has been awarded the highest honor by the French Government and holds the title of CHEVALIER DE L&#8217;ORDRE NATIONAL DE LA LEGION D&#8217;HONNEUR. P\u00e9pin currently hosts public television series, Essential P\u00e9pin. Featuring recipes for fast, healthy meals, this is the thirteenth series hosted by P\u00e9pin and produced by KQED Public Television in San Francisco. It is being broadcast over public television stations nationwide. The companion cookbook to the series, also called Essential P\u00e9pin (Houghton Mifflin, Boston, MA), will be published in October 2011. P\u00e9pin\u2019s  memoir, The Apprentice: My Life in the Kitchen, was published by Houghton Mifflin in 2003 and in paperback in May, 2004. He is also a proud grandfather of his daughter Claudine&#8217;s first child, Shorey.<\/p>\n<p>P\u00e9pin was born in Bourg-en-Bresse, near Lyon. His first exposure to cooking was as a child in his parents&#8217; restaurant, Le Pelican. At age thirteen, he began his formal apprenticeship at the distinguished Grand Hotel de L&#8217;Europe in his hometown. He subsequently worked in Paris, training under Lucien Diat at the Plaza Ath\u00e9n\u00e9e. From 1956 to 1958, P\u00e9pin was the personal chef to three French heads of state, including Charles de Gaulle.<\/p>\n<p>Moving to the United States in 1959, P\u00e9pin worked first at New York&#8217;s historic Le Pavillon restaurant, then served for ten years as director of research and new development for the Howard Johnson Company, a position that taught him about mass production, marketing, food chemistry and American food tastes. He studied at Columbia University during this period, earning an M.A. degree in 18th-century French literature in 1972. In 1997, on the 50th anniversary of the creation of the School of General Studies at Columbia, P\u00e9pin was honored along with four other distinguished alumni of the School, each representing a different decade in its history.<\/p>\n<p>P\u00e9pin shared the spotlight with Julia Child in a PBS series that still appears on public television stations. The twenty-two episode series, Julia and Jacques Cooking at Home, was the winner of The James Beard Foundation&#8217;s award for Best National Cooking Show &#8212; 2001, and the duo received a 2001 Daytime Emmy Award from The National Academy of Television Arts and Sciences. There are companion cookbooks to the series with Child and to two earlier public television series he co-hosted with his daughter &#8212; Jacques P\u00e9pin&#8217;s Kitchen: Encore with Claudine (1998) and Jacques P\u00e9pin&#8217;s Kitchen: Cooking with Claudine (1998).<\/p>\n<p>A former columnist for The New York Times, P\u00e9pin writes a quarterly column for Food &#038; Wine. He also participates regularly in that magazine&#8217;s prestigious Food &#038; Wine Classic in Aspen and at other culinary festivals and fund-raising events worldwide. In addition, he is a popular guest on such commercial TV programs as The Late Show with David Letterman, The Today Show, and Good Morning America.<\/p>\n<p>P\u00e9pin is the recipient of three of the French government&#8217;s highest honors: he is a Chevalier de L&#8217;Ordre National de la Legion d&#8217; Honneur, Chevalier de L&#8217;Ordre des Arts et des Lettres (1997) and a Chevalier de L&#8217;Ordre du M\u00e9rite Agricole (1992). He is the Dean of Special Programs at The French Culinary Institute (New York), and an adjunct faculty member at Boston University. P\u00e9pin is a founder of The American Institute of Wine and Food, a member of the International Association of Cooking Professionals, and is on the board of trustees of the James Beard Foundation. He and his wife Gloria live in Madison, Connecticut.<\/p>\n","protected":false},"excerpt":{"rendered":"<p>Photo \u00a9 2010 Cristiana Ceppas Jacques P\u00e9pin is world-renowned as a chef and the host of his acclaimed and popular cooking programs on public television, and as a respected instructor, a prolific author and gifted artist. P\u00e9pin has been awarded the highest honor by the French Government and holds the title of CHEVALIER DE L&#8217;ORDRE [&hellip;]<\/p>\n","protected":false},"author":5014,"featured_media":0,"parent":0,"menu_order":0,"comment_status":"open","ping_status":"open","template":"","meta":{"_acf_changed":false,"footnotes":""},"coauthors":[],"class_list":["post-7","page","type-page","status-publish","hentry"],"acf":[],"yoast_head":"<!-- This site is optimized with the Yoast SEO plugin v20.13 - https:\/\/yoast.com\/wordpress\/plugins\/seo\/ -->\n<title>About Jacques | Essential Pepin<\/title>\n<meta name=\"robots\" content=\"index, follow, max-snippet:-1, max-image-preview:large, max-video-preview:-1\" \/>\n<link rel=\"canonical\" href=\"https:\/\/ww2.kqed.org\/essentialpepin\/jacques-pepin-bio\/\" \/>\n<meta property=\"og:locale\" content=\"en_US\" \/>\n<meta property=\"og:type\" content=\"article\" \/>\n<meta property=\"og:title\" content=\"About Jacques | Essential Pepin\" \/>\n<meta property=\"og:description\" content=\"Photo \u00a9 2010 Cristiana Ceppas Jacques P\u00e9pin is world-renowned as a chef and the host of his acclaimed and popular cooking programs on public television, and as a respected instructor, a prolific author and gifted artist. P\u00e9pin has been awarded the highest honor by the French Government and holds the title of CHEVALIER DE L&#8217;ORDRE [&hellip;]\" \/>\n<meta property=\"og:url\" content=\"https:\/\/ww2.kqed.org\/essentialpepin\/jacques-pepin-bio\/\" \/>\n<meta property=\"og:site_name\" content=\"Essential Pepin\" \/>\n<meta property=\"og:image\" content=\"http:\/\/ww2.kqed.org\/essentialpepin\/wp-content\/uploads\/sites\/56\/2011\/08\/essential-pepin560.jpg\" \/>\n<meta name=\"twitter:card\" content=\"summary_large_image\" \/>\n<meta name=\"twitter:label1\" content=\"Est. reading time\" \/>\n\t<meta name=\"twitter:data1\" content=\"3 minutes\" \/>\n\t<meta name=\"twitter:label2\" content=\"Written by\" \/>\n\t<meta name=\"twitter:data2\" content=\"Wendy Goodfriend\" \/>\n<script type=\"application\/ld+json\" class=\"yoast-schema-graph\">{\"@context\":\"https:\/\/schema.org\",\"@graph\":[{\"@type\":\"WebPage\",\"@id\":\"https:\/\/ww2.kqed.org\/essentialpepin\/jacques-pepin-bio\/\",\"url\":\"https:\/\/ww2.kqed.org\/essentialpepin\/jacques-pepin-bio\/\",\"name\":\"About Jacques | Essential Pepin\",\"isPartOf\":{\"@id\":\"https:\/\/ww2.kqed.org\/essentialpepin\/#website\"},\"datePublished\":\"2011-08-08T23:07:56+00:00\",\"dateModified\":\"2011-08-08T23:07:56+00:00\",\"breadcrumb\":{\"@id\":\"https:\/\/ww2.kqed.org\/essentialpepin\/jacques-pepin-bio\/#breadcrumb\"},\"inLanguage\":\"en-US\",\"potentialAction\":[{\"@type\":\"ReadAction\",\"target\":[\"https:\/\/ww2.kqed.org\/essentialpepin\/jacques-pepin-bio\/\"]}]},{\"@type\":\"BreadcrumbList\",\"@id\":\"https:\/\/ww2.kqed.org\/essentialpepin\/jacques-pepin-bio\/#breadcrumb\",\"itemListElement\":[{\"@type\":\"ListItem\",\"position\":1,\"name\":\"Home\",\"item\":\"https:\/\/ww2.kqed.org\/essentialpepin\/\"},{\"@type\":\"ListItem\",\"position\":2,\"name\":\"About Jacques\"}]},{\"@type\":\"WebSite\",\"@id\":\"https:\/\/ww2.kqed.org\/essentialpepin\/#website\",\"url\":\"https:\/\/ww2.kqed.org\/essentialpepin\/\",\"name\":\"Essential Pepin\",\"description\":\"Jacques Pepin&#039;s Essential Recipes\",\"potentialAction\":[{\"@type\":\"SearchAction\",\"target\":{\"@type\":\"EntryPoint\",\"urlTemplate\":\"https:\/\/ww2.kqed.org\/essentialpepin\/?s={search_term_string}\"},\"query-input\":\"required name=search_term_string\"}],\"inLanguage\":\"en-US\"}]}<\/script>\n<!-- \/ Yoast SEO plugin. -->","yoast_head_json":{"title":"About Jacques | Essential Pepin","robots":{"index":"index","follow":"follow","max-snippet":"max-snippet:-1","max-image-preview":"max-image-preview:large","max-video-preview":"max-video-preview:-1"},"canonical":"https:\/\/ww2.kqed.org\/essentialpepin\/jacques-pepin-bio\/","og_locale":"en_US","og_type":"article","og_title":"About Jacques | Essential Pepin","og_description":"Photo \u00a9 2010 Cristiana Ceppas Jacques P\u00e9pin is world-renowned as a chef and the host of his acclaimed and popular cooking programs on public television, and as a respected instructor, a prolific author and gifted artist. P\u00e9pin has been awarded the highest honor by the French Government and holds the title of CHEVALIER DE L&#8217;ORDRE [&hellip;]","og_url":"https:\/\/ww2.kqed.org\/essentialpepin\/jacques-pepin-bio\/","og_site_name":"Essential Pepin","og_image":[{"url":"http:\/\/ww2.kqed.org\/essentialpepin\/wp-content\/uploads\/sites\/56\/2011\/08\/essential-pepin560.jpg"}],"twitter_card":"summary_large_image","twitter_misc":{"Est. reading time":"3 minutes","Written by":"Wendy Goodfriend"},"schema":{"@context":"https:\/\/schema.org","@graph":[{"@type":"WebPage","@id":"https:\/\/ww2.kqed.org\/essentialpepin\/jacques-pepin-bio\/","url":"https:\/\/ww2.kqed.org\/essentialpepin\/jacques-pepin-bio\/","name":"About Jacques | Essential Pepin","isPartOf":{"@id":"https:\/\/ww2.kqed.org\/essentialpepin\/#website"},"datePublished":"2011-08-08T23:07:56+00:00","dateModified":"2011-08-08T23:07:56+00:00","breadcrumb":{"@id":"https:\/\/ww2.kqed.org\/essentialpepin\/jacques-pepin-bio\/#breadcrumb"},"inLanguage":"en-US","potentialAction":[{"@type":"ReadAction","target":["https:\/\/ww2.kqed.org\/essentialpepin\/jacques-pepin-bio\/"]}]},{"@type":"BreadcrumbList","@id":"https:\/\/ww2.kqed.org\/essentialpepin\/jacques-pepin-bio\/#breadcrumb","itemListElement":[{"@type":"ListItem","position":1,"name":"Home","item":"https:\/\/ww2.kqed.org\/essentialpepin\/"},{"@type":"ListItem","position":2,"name":"About Jacques"}]},{"@type":"WebSite","@id":"https:\/\/ww2.kqed.org\/essentialpepin\/#website","url":"https:\/\/ww2.kqed.org\/essentialpepin\/","name":"Essential Pepin","description":"Jacques Pepin&#039;s Essential Recipes","potentialAction":[{"@type":"SearchAction","target":{"@type":"EntryPoint","urlTemplate":"https:\/\/ww2.kqed.org\/essentialpepin\/?s={search_term_string}"},"query-input":"required name=search_term_string"}],"inLanguage":"en-US"}]}},"_links":{"self":[{"href":"https:\/\/ww2.kqed.org\/essentialpepin\/wp-json\/wp\/v2\/pages\/7","targetHints":{"allow":["GET"]}}],"collection":[{"href":"https:\/\/ww2.kqed.org\/essentialpepin\/wp-json\/wp\/v2\/pages"}],"about":[{"href":"https:\/\/ww2.kqed.org\/essentialpepin\/wp-json\/wp\/v2\/types\/page"}],"author":[{"embeddable":true,"href":"https:\/\/ww2.kqed.org\/essentialpepin\/wp-json\/wp\/v2\/users\/5014"}],"replies":[{"embeddable":true,"href":"https:\/\/ww2.kqed.org\/essentialpepin\/wp-json\/wp\/v2\/comments?post=7"}],"version-history":[{"count":0,"href":"https:\/\/ww2.kqed.org\/essentialpepin\/wp-json\/wp\/v2\/pages\/7\/revisions"}],"wp:attachment":[{"href":"https:\/\/ww2.kqed.org\/essentialpepin\/wp-json\/wp\/v2\/media?parent=7"}],"wp:term":[{"taxonomy":"author","embeddable":true,"href":"https:\/\/ww2.kqed.org\/essentialpepin\/wp-json\/wp\/v2\/coauthors?post=7"}],"curies":[{"name":"wp","href":"https:\/\/api.w.org\/{rel}","templated":true}]}}