{"id":2253,"date":"2012-04-19T10:24:14","date_gmt":"2012-04-19T17:24:14","guid":{"rendered":"http:\/\/blogs.kqed.org\/essentialpepin\/?page_id=2253"},"modified":"2012-04-19T10:24:14","modified_gmt":"2012-04-19T17:24:14","slug":"talks-at-google-presents-jacques-pepin","status":"publish","type":"page","link":"https:\/\/ww2.kqed.org\/essentialpepin\/jacques-pepin-bio\/talks-at-google-presents-jacques-pepin\/","title":{"rendered":"Talks at Google Presents Jacques P\u00e9pin"},"content":{"rendered":"<p>Jacques P\u00e9pin in conversation with Jeffrey Freburg. They discuss his new book, &#8220;Essential P\u00e9pin.&#8221;<\/p>\n<p><iframe loading=\"lazy\" width=\"560\" height=\"315\" src=\"http:\/\/www.youtube.com\/embed\/odlFnExwSGg\" frameborder=\"0\" allowfullscreen><\/iframe><\/p>\n","protected":false},"excerpt":{"rendered":"<p>Jacques P\u00e9pin in conversation with Jeffrey Freburg. They discuss his new book, &#8220;Essential P\u00e9pin.&#8221;<\/p>\n","protected":false},"author":11096,"featured_media":0,"parent":7,"menu_order":0,"comment_status":"open","ping_status":"open","template":"","meta":{"_acf_changed":false,"footnotes":""},"coauthors":[],"class_list":["post-2253","page","type-page","status-publish","hentry"],"acf":[],"yoast_head":"<!-- This site is optimized with the Yoast SEO plugin v20.13 - https:\/\/yoast.com\/wordpress\/plugins\/seo\/ -->\n<title>Talks at Google Presents Jacques P\u00e9pin | Essential Pepin<\/title>\n<meta name=\"robots\" content=\"index, follow, max-snippet:-1, max-image-preview:large, max-video-preview:-1\" \/>\n<link rel=\"canonical\" href=\"https:\/\/ww2.kqed.org\/essentialpepin\/jacques-pepin-bio\/talks-at-google-presents-jacques-pepin\/\" \/>\n<meta property=\"og:locale\" content=\"en_US\" \/>\n<meta property=\"og:type\" content=\"article\" \/>\n<meta property=\"og:title\" content=\"Talks at Google Presents Jacques P\u00e9pin | Essential Pepin\" \/>\n<meta property=\"og:description\" content=\"Jacques P\u00e9pin in conversation with Jeffrey Freburg. They discuss his new book, &#8220;Essential P\u00e9pin.&#8221;\" \/>\n<meta property=\"og:url\" content=\"https:\/\/ww2.kqed.org\/essentialpepin\/jacques-pepin-bio\/talks-at-google-presents-jacques-pepin\/\" \/>\n<meta property=\"og:site_name\" content=\"Essential Pepin\" \/>\n<meta name=\"twitter:card\" content=\"summary_large_image\" \/>\n<meta name=\"twitter:label1\" content=\"Written by\" \/>\n\t<meta name=\"twitter:data1\" content=\"Jacques P\u00e9pin\" \/>\n<script type=\"application\/ld+json\" class=\"yoast-schema-graph\">{\"@context\":\"https:\/\/schema.org\",\"@graph\":[{\"@type\":\"WebPage\",\"@id\":\"https:\/\/ww2.kqed.org\/essentialpepin\/jacques-pepin-bio\/talks-at-google-presents-jacques-pepin\/\",\"url\":\"https:\/\/ww2.kqed.org\/essentialpepin\/jacques-pepin-bio\/talks-at-google-presents-jacques-pepin\/\",\"name\":\"Talks at Google Presents Jacques P\u00e9pin | Essential Pepin\",\"isPartOf\":{\"@id\":\"https:\/\/ww2.kqed.org\/essentialpepin\/#website\"},\"datePublished\":\"2012-04-19T17:24:14+00:00\",\"dateModified\":\"2012-04-19T17:24:14+00:00\",\"breadcrumb\":{\"@id\":\"https:\/\/ww2.kqed.org\/essentialpepin\/jacques-pepin-bio\/talks-at-google-presents-jacques-pepin\/#breadcrumb\"},\"inLanguage\":\"en-US\",\"potentialAction\":[{\"@type\":\"ReadAction\",\"target\":[\"https:\/\/ww2.kqed.org\/essentialpepin\/jacques-pepin-bio\/talks-at-google-presents-jacques-pepin\/\"]}]},{\"@type\":\"BreadcrumbList\",\"@id\":\"https:\/\/ww2.kqed.org\/essentialpepin\/jacques-pepin-bio\/talks-at-google-presents-jacques-pepin\/#breadcrumb\",\"itemListElement\":[{\"@type\":\"ListItem\",\"position\":1,\"name\":\"Home\",\"item\":\"https:\/\/ww2.kqed.org\/essentialpepin\/\"},{\"@type\":\"ListItem\",\"position\":2,\"name\":\"About Jacques\",\"item\":\"https:\/\/ww2.kqed.org\/essentialpepin\/jacques-pepin-bio\/\"},{\"@type\":\"ListItem\",\"position\":3,\"name\":\"Talks at Google Presents Jacques P\u00e9pin\"}]},{\"@type\":\"WebSite\",\"@id\":\"https:\/\/ww2.kqed.org\/essentialpepin\/#website\",\"url\":\"https:\/\/ww2.kqed.org\/essentialpepin\/\",\"name\":\"Essential Pepin\",\"description\":\"Jacques Pepin&#039;s Essential Recipes\",\"potentialAction\":[{\"@type\":\"SearchAction\",\"target\":{\"@type\":\"EntryPoint\",\"urlTemplate\":\"https:\/\/ww2.kqed.org\/essentialpepin\/?s={search_term_string}\"},\"query-input\":\"required name=search_term_string\"}],\"inLanguage\":\"en-US\"}]}<\/script>\n<!-- \/ Yoast SEO plugin. -->","yoast_head_json":{"title":"Talks at Google Presents Jacques P\u00e9pin | Essential Pepin","robots":{"index":"index","follow":"follow","max-snippet":"max-snippet:-1","max-image-preview":"max-image-preview:large","max-video-preview":"max-video-preview:-1"},"canonical":"https:\/\/ww2.kqed.org\/essentialpepin\/jacques-pepin-bio\/talks-at-google-presents-jacques-pepin\/","og_locale":"en_US","og_type":"article","og_title":"Talks at Google Presents Jacques P\u00e9pin | Essential Pepin","og_description":"Jacques P\u00e9pin in conversation with Jeffrey Freburg. They discuss his new book, &#8220;Essential P\u00e9pin.&#8221;","og_url":"https:\/\/ww2.kqed.org\/essentialpepin\/jacques-pepin-bio\/talks-at-google-presents-jacques-pepin\/","og_site_name":"Essential Pepin","twitter_card":"summary_large_image","twitter_misc":{"Written by":"Jacques P\u00e9pin"},"schema":{"@context":"https:\/\/schema.org","@graph":[{"@type":"WebPage","@id":"https:\/\/ww2.kqed.org\/essentialpepin\/jacques-pepin-bio\/talks-at-google-presents-jacques-pepin\/","url":"https:\/\/ww2.kqed.org\/essentialpepin\/jacques-pepin-bio\/talks-at-google-presents-jacques-pepin\/","name":"Talks at Google Presents Jacques P\u00e9pin | Essential Pepin","isPartOf":{"@id":"https:\/\/ww2.kqed.org\/essentialpepin\/#website"},"datePublished":"2012-04-19T17:24:14+00:00","dateModified":"2012-04-19T17:24:14+00:00","breadcrumb":{"@id":"https:\/\/ww2.kqed.org\/essentialpepin\/jacques-pepin-bio\/talks-at-google-presents-jacques-pepin\/#breadcrumb"},"inLanguage":"en-US","potentialAction":[{"@type":"ReadAction","target":["https:\/\/ww2.kqed.org\/essentialpepin\/jacques-pepin-bio\/talks-at-google-presents-jacques-pepin\/"]}]},{"@type":"BreadcrumbList","@id":"https:\/\/ww2.kqed.org\/essentialpepin\/jacques-pepin-bio\/talks-at-google-presents-jacques-pepin\/#breadcrumb","itemListElement":[{"@type":"ListItem","position":1,"name":"Home","item":"https:\/\/ww2.kqed.org\/essentialpepin\/"},{"@type":"ListItem","position":2,"name":"About Jacques","item":"https:\/\/ww2.kqed.org\/essentialpepin\/jacques-pepin-bio\/"},{"@type":"ListItem","position":3,"name":"Talks at Google Presents Jacques P\u00e9pin"}]},{"@type":"WebSite","@id":"https:\/\/ww2.kqed.org\/essentialpepin\/#website","url":"https:\/\/ww2.kqed.org\/essentialpepin\/","name":"Essential Pepin","description":"Jacques Pepin&#039;s Essential Recipes","potentialAction":[{"@type":"SearchAction","target":{"@type":"EntryPoint","urlTemplate":"https:\/\/ww2.kqed.org\/essentialpepin\/?s={search_term_string}"},"query-input":"required name=search_term_string"}],"inLanguage":"en-US"}]}},"_links":{"self":[{"href":"https:\/\/ww2.kqed.org\/essentialpepin\/wp-json\/wp\/v2\/pages\/2253","targetHints":{"allow":["GET"]}}],"collection":[{"href":"https:\/\/ww2.kqed.org\/essentialpepin\/wp-json\/wp\/v2\/pages"}],"about":[{"href":"https:\/\/ww2.kqed.org\/essentialpepin\/wp-json\/wp\/v2\/types\/page"}],"author":[{"embeddable":true,"href":"https:\/\/ww2.kqed.org\/essentialpepin\/wp-json\/wp\/v2\/users\/11096"}],"replies":[{"embeddable":true,"href":"https:\/\/ww2.kqed.org\/essentialpepin\/wp-json\/wp\/v2\/comments?post=2253"}],"version-history":[{"count":0,"href":"https:\/\/ww2.kqed.org\/essentialpepin\/wp-json\/wp\/v2\/pages\/2253\/revisions"}],"up":[{"embeddable":true,"href":"https:\/\/ww2.kqed.org\/essentialpepin\/wp-json\/wp\/v2\/pages\/7"}],"wp:attachment":[{"href":"https:\/\/ww2.kqed.org\/essentialpepin\/wp-json\/wp\/v2\/media?parent=2253"}],"wp:term":[{"taxonomy":"author","embeddable":true,"href":"https:\/\/ww2.kqed.org\/essentialpepin\/wp-json\/wp\/v2\/coauthors?post=2253"}],"curies":[{"name":"wp","href":"https:\/\/api.w.org\/{rel}","templated":true}]}}