{"id":2124,"date":"2012-04-02T18:48:42","date_gmt":"2012-04-03T01:48:42","guid":{"rendered":"http:\/\/blogs.kqed.org\/essentialpepin\/?page_id=2124"},"modified":"2012-04-02T18:48:42","modified_gmt":"2012-04-03T01:48:42","slug":"awards","status":"publish","type":"page","link":"https:\/\/ww2.kqed.org\/essentialpepin\/awards\/","title":{"rendered":"Awards"},"content":{"rendered":"<p><strong>&#8220;Essential P\u00e9pin&#8221; wins an IACP Award!<\/strong><\/p>\n<p><a href=\"http:\/\/www.iacp.com\/award\/more\/new_media_broadcast_awards_winners\"><img loading=\"lazy\" decoding=\"async\" src=\"http:\/\/ww2.kqed.org\/essentialpepin\/wp-content\/uploads\/sites\/56\/2012\/04\/New_Media_Winner_Badge.png\" alt=\"IACP New Media Winner Badge\" title=\"IACP New Media Winner Badge\" width=\"150\" height=\"148\" class=\"alignleft size-full wp-image-2164\" \/><\/a>On April 2, &#8220;Essential P\u00e9pin&#8221; won the <a href=\"http:\/\/www.iacp.com\/award\/more\/new_media_broadcast_awards_winners\">IACP Award for TV Series<\/a> in the New Media &#038; Broadcast Category!<\/p>\n<p>Jacques P\u00e9pin responds to winning the award:<\/p>\n<blockquote><p>&#8220;It is very gratifying as this is the first time that the IACP has an award for broadcast media.&#8221;<\/p><\/blockquote>\n<p>Jacques P\u00e9pin was also nominated for two IACP book awards: the <a href=\"http:\/\/www.iacp.com\/award\/more\/culinary_classics_winners\">Culinary Classic Book Award<\/a> for &#8220;<a href=\"http:\/\/www.amazon.com\/La-Technique-Illustrated-Fundamental-Techniques\/dp\/0671707116\">La Technique: An Illustrated Guide to the Fundamental Techniques of Cooking<\/a>&#8221; and the <a href=\"http:\/\/www.iacp.com\/press\/more\/2012_finalists_for_26th_annual_iacp_awards\">General Cookbook Award<\/a> for \u201c<a href=\"http:\/\/blogs.kqed.org\/essentialpepin\/book-dvds\/\">Essential P\u00e9pin: More than 700 All-Time Favorites from My Life in Food<\/a>.\u201d<\/p>\n<p>Jacques won a Culinary Classic Book Award but in the General Cookbook category, \u201c<a href=\"http:\/\/www.amazon.com\/All-About-Roasting-Approach-Classic\/dp\/039306526X\">All About Roasting<\/a>\u201d by Molly Steven won the IACP award over &#8220;<a href=\"http:\/\/blogs.kqed.org\/essentialpepin\/book-dvds\/\">Essential P\u00e9pin<\/a>&#8221; and John Besh&#8217;s &#8220;<a href=\"http:\/\/www.amazon.com\/My-Family-Table-Passionate-Cooking\/dp\/1449407870\/ref=sr_1_1?s=books&#038;ie=UTF8&#038;qid=1333439279&#038;sr=1-1\">My Family Table: A Passionate Plea for Home Cooking<\/a>.&#8221;<\/p>\n<hr \/>\n<p><strong>KQED&#8217;s TV series &#8220;Essential P\u00e9pin&#8221; was nominated for two prestigious culinary awards in 2012<\/strong>  <\/p>\n<p>On February 12, &#8220;Essential P\u00e9pin&#8221; was nominated for an <a href=\"http:\/\/www.iacp.com\/award\/more\/2012_awards_highlights\">IACP<\/a> (International Association of Culinary Professionals) award for TV Series under the new category <a href=\"http:\/\/www.iacp.com\/award\/more\/new_media_broadcast_awards_winners\">New Media &#038; Broadcast Award<\/a>.<\/p>\n<p>On March 19, &#8220;Essential P\u00e9pin&#8221; was nominated for a <a href=\"http:\/\/www.jamesbeard.org\/awards\">2012 James Beard Award in Broadcast Media<\/a> under the category: Television Program, in Studio or Fixed Location.<\/p>\n<p>Jacques P\u00e9pin&#8217;s responds to the nominations:<\/p>\n<blockquote><p>&#8220;I am elated to have been nominated for a Beard as well as a IACP award for &#8220;Essential P\u00e9pin.&#8221; This is a testament to the generosity and professionalism of KQED and to the gift and talent of our team especially Tina Salter my producer; Bruce Franchini, Director; Michael Isip, Executive Producer.&#8221;<\/p><\/blockquote>\n<p>Series Producer, Tina Salter shares her thoughts:<\/p>\n<blockquote><p>&#8220;It&#8217;s such a joy working with Jacques and for &#8220;Essential P\u00e9pin&#8221; to be nominated for two awards within weeks of each other is very special&#8230; It should be remembered that creativity in television is only possible when you have excellence to work with. KQED always nourishes creativity and strives for excellence and that combined with a great team makes shows like Essential Pepin possible.&#8221;<\/p><\/blockquote>\n<p><strong>The three nominees for the IACP TV Series category are:<\/strong><br \/>\n(The winner will be announced April, 2, 2012.)<\/p>\n<p><a href=\"http:\/\/blogs.kqed.org\/essentialpepin\/\">\u201cEssential P\u00e9pin\u201d<\/a><br \/>\n\u2028Host: Jacques P\u00e9pin, KQED-TV<\/p>\n<p><a href=\"http:\/\/www.ny1.com\/content\/lets_eat\/chow\">\u201cNew York Chow Report\u201d<\/a><br \/>\n\u2028Host: Alex Van Buren, NY1 and Chow.com<br \/>\n\u2028<br \/>\n<a href=\"http:\/\/www.ming.com\/simplyming\">\u201cSimply Ming\u201d<\/a><br \/>\n\u2028Host: Ming Tsai, WBGH-TV<\/p>\n<p><strong>The three nominees for the James Beard Broadcast Media: Television Program, in Studio or Fixed Location category are:<\/strong><br \/>\n(The winner of the James Beard Award will be announced May, 4, 2012.)<\/p>\n<p><a href=\"http:\/\/www.foodnetwork.com\/chopped\/index.html\">Chopped<\/a><br \/>\nHost: Ted Allen<br \/>\nNetwork: Food Network<br \/>\nProducers: Linda Lea, Dave Noll, and Vivian Sorenson<\/p>\n<p><a href=\"http:\/\/blogs.kqed.org\/essentialpepin\/\">\u201cEssential P\u00e9pin\u201d<\/a><br \/>\nHost: Jacques P\u00e9pin<br \/>\nNetwork: PBS \/ KQED<br \/>\nProducer: Tina Salter<\/p>\n<p>\u2028<a href=\"http:\/\/www.ming.com\/simplyming\">\u201cSimply Ming\u201d<\/a><br \/>\nHost: Ming Tsai<br \/>\nNetwork: PBS<br \/>\nProducers: Laurie Donnelly, Julia Harrison, and Ming Tsai<\/p>\n<p><a href=\"http:\/\/ww2.kqed.org\/essentialpepin\/wp-content\/uploads\/sites\/56\/2012\/03\/2012-jbf-nominees.pdf\">View all the 2012 James Beard Award nominees.<\/a> (pdf)<\/p>\n","protected":false},"excerpt":{"rendered":"<p>&#8220;Essential P\u00e9pin&#8221; wins an IACP Award! On April 2, &#8220;Essential P\u00e9pin&#8221; won the IACP Award for TV Series in the New Media &#038; Broadcast Category! Jacques P\u00e9pin responds to winning the award: &#8220;It is very gratifying as this is the first time that the IACP has an award for broadcast media.&#8221; Jacques P\u00e9pin was also [&hellip;]<\/p>\n","protected":false},"author":11096,"featured_media":0,"parent":0,"menu_order":0,"comment_status":"open","ping_status":"open","template":"","meta":{"_acf_changed":false,"footnotes":""},"coauthors":[],"class_list":["post-2124","page","type-page","status-publish","hentry"],"acf":[],"yoast_head":"<!-- This site is optimized with the Yoast SEO plugin v20.13 - https:\/\/yoast.com\/wordpress\/plugins\/seo\/ -->\n<title>Awards | Essential Pepin<\/title>\n<meta name=\"robots\" content=\"index, follow, max-snippet:-1, max-image-preview:large, max-video-preview:-1\" \/>\n<link rel=\"canonical\" href=\"https:\/\/ww2.kqed.org\/essentialpepin\/awards\/\" \/>\n<meta property=\"og:locale\" content=\"en_US\" \/>\n<meta property=\"og:type\" content=\"article\" \/>\n<meta property=\"og:title\" content=\"Awards | Essential Pepin\" \/>\n<meta property=\"og:description\" content=\"&#8220;Essential P\u00e9pin&#8221; wins an IACP Award! On April 2, &#8220;Essential P\u00e9pin&#8221; won the IACP Award for TV Series in the New Media &#038; Broadcast Category! Jacques P\u00e9pin responds to winning the award: &#8220;It is very gratifying as this is the first time that the IACP has an award for broadcast media.&#8221; Jacques P\u00e9pin was also [&hellip;]\" \/>\n<meta property=\"og:url\" content=\"https:\/\/ww2.kqed.org\/essentialpepin\/awards\/\" \/>\n<meta property=\"og:site_name\" content=\"Essential Pepin\" \/>\n<meta property=\"og:image\" content=\"http:\/\/ww2.kqed.org\/essentialpepin\/wp-content\/uploads\/sites\/56\/2012\/04\/New_Media_Winner_Badge.png\" \/>\n<meta name=\"twitter:card\" content=\"summary_large_image\" \/>\n<meta name=\"twitter:label1\" content=\"Est. reading time\" \/>\n\t<meta name=\"twitter:data1\" content=\"2 minutes\" \/>\n\t<meta name=\"twitter:label2\" content=\"Written by\" \/>\n\t<meta name=\"twitter:data2\" content=\"Jacques P\u00e9pin\" \/>\n<script type=\"application\/ld+json\" class=\"yoast-schema-graph\">{\"@context\":\"https:\/\/schema.org\",\"@graph\":[{\"@type\":\"WebPage\",\"@id\":\"https:\/\/ww2.kqed.org\/essentialpepin\/awards\/\",\"url\":\"https:\/\/ww2.kqed.org\/essentialpepin\/awards\/\",\"name\":\"Awards | Essential Pepin\",\"isPartOf\":{\"@id\":\"https:\/\/ww2.kqed.org\/essentialpepin\/#website\"},\"datePublished\":\"2012-04-03T01:48:42+00:00\",\"dateModified\":\"2012-04-03T01:48:42+00:00\",\"breadcrumb\":{\"@id\":\"https:\/\/ww2.kqed.org\/essentialpepin\/awards\/#breadcrumb\"},\"inLanguage\":\"en-US\",\"potentialAction\":[{\"@type\":\"ReadAction\",\"target\":[\"https:\/\/ww2.kqed.org\/essentialpepin\/awards\/\"]}]},{\"@type\":\"BreadcrumbList\",\"@id\":\"https:\/\/ww2.kqed.org\/essentialpepin\/awards\/#breadcrumb\",\"itemListElement\":[{\"@type\":\"ListItem\",\"position\":1,\"name\":\"Home\",\"item\":\"https:\/\/ww2.kqed.org\/essentialpepin\/\"},{\"@type\":\"ListItem\",\"position\":2,\"name\":\"Awards\"}]},{\"@type\":\"WebSite\",\"@id\":\"https:\/\/ww2.kqed.org\/essentialpepin\/#website\",\"url\":\"https:\/\/ww2.kqed.org\/essentialpepin\/\",\"name\":\"Essential Pepin\",\"description\":\"Jacques Pepin&#039;s Essential Recipes\",\"potentialAction\":[{\"@type\":\"SearchAction\",\"target\":{\"@type\":\"EntryPoint\",\"urlTemplate\":\"https:\/\/ww2.kqed.org\/essentialpepin\/?s={search_term_string}\"},\"query-input\":\"required name=search_term_string\"}],\"inLanguage\":\"en-US\"}]}<\/script>\n<!-- \/ Yoast SEO plugin. -->","yoast_head_json":{"title":"Awards | Essential Pepin","robots":{"index":"index","follow":"follow","max-snippet":"max-snippet:-1","max-image-preview":"max-image-preview:large","max-video-preview":"max-video-preview:-1"},"canonical":"https:\/\/ww2.kqed.org\/essentialpepin\/awards\/","og_locale":"en_US","og_type":"article","og_title":"Awards | Essential Pepin","og_description":"&#8220;Essential P\u00e9pin&#8221; wins an IACP Award! On April 2, &#8220;Essential P\u00e9pin&#8221; won the IACP Award for TV Series in the New Media &#038; Broadcast Category! Jacques P\u00e9pin responds to winning the award: &#8220;It is very gratifying as this is the first time that the IACP has an award for broadcast media.&#8221; Jacques P\u00e9pin was also [&hellip;]","og_url":"https:\/\/ww2.kqed.org\/essentialpepin\/awards\/","og_site_name":"Essential Pepin","og_image":[{"url":"http:\/\/ww2.kqed.org\/essentialpepin\/wp-content\/uploads\/sites\/56\/2012\/04\/New_Media_Winner_Badge.png"}],"twitter_card":"summary_large_image","twitter_misc":{"Est. reading time":"2 minutes","Written by":"Jacques P\u00e9pin"},"schema":{"@context":"https:\/\/schema.org","@graph":[{"@type":"WebPage","@id":"https:\/\/ww2.kqed.org\/essentialpepin\/awards\/","url":"https:\/\/ww2.kqed.org\/essentialpepin\/awards\/","name":"Awards | Essential Pepin","isPartOf":{"@id":"https:\/\/ww2.kqed.org\/essentialpepin\/#website"},"datePublished":"2012-04-03T01:48:42+00:00","dateModified":"2012-04-03T01:48:42+00:00","breadcrumb":{"@id":"https:\/\/ww2.kqed.org\/essentialpepin\/awards\/#breadcrumb"},"inLanguage":"en-US","potentialAction":[{"@type":"ReadAction","target":["https:\/\/ww2.kqed.org\/essentialpepin\/awards\/"]}]},{"@type":"BreadcrumbList","@id":"https:\/\/ww2.kqed.org\/essentialpepin\/awards\/#breadcrumb","itemListElement":[{"@type":"ListItem","position":1,"name":"Home","item":"https:\/\/ww2.kqed.org\/essentialpepin\/"},{"@type":"ListItem","position":2,"name":"Awards"}]},{"@type":"WebSite","@id":"https:\/\/ww2.kqed.org\/essentialpepin\/#website","url":"https:\/\/ww2.kqed.org\/essentialpepin\/","name":"Essential Pepin","description":"Jacques Pepin&#039;s Essential Recipes","potentialAction":[{"@type":"SearchAction","target":{"@type":"EntryPoint","urlTemplate":"https:\/\/ww2.kqed.org\/essentialpepin\/?s={search_term_string}"},"query-input":"required name=search_term_string"}],"inLanguage":"en-US"}]}},"_links":{"self":[{"href":"https:\/\/ww2.kqed.org\/essentialpepin\/wp-json\/wp\/v2\/pages\/2124","targetHints":{"allow":["GET"]}}],"collection":[{"href":"https:\/\/ww2.kqed.org\/essentialpepin\/wp-json\/wp\/v2\/pages"}],"about":[{"href":"https:\/\/ww2.kqed.org\/essentialpepin\/wp-json\/wp\/v2\/types\/page"}],"author":[{"embeddable":true,"href":"https:\/\/ww2.kqed.org\/essentialpepin\/wp-json\/wp\/v2\/users\/11096"}],"replies":[{"embeddable":true,"href":"https:\/\/ww2.kqed.org\/essentialpepin\/wp-json\/wp\/v2\/comments?post=2124"}],"version-history":[{"count":0,"href":"https:\/\/ww2.kqed.org\/essentialpepin\/wp-json\/wp\/v2\/pages\/2124\/revisions"}],"wp:attachment":[{"href":"https:\/\/ww2.kqed.org\/essentialpepin\/wp-json\/wp\/v2\/media?parent=2124"}],"wp:term":[{"taxonomy":"author","embeddable":true,"href":"https:\/\/ww2.kqed.org\/essentialpepin\/wp-json\/wp\/v2\/coauthors?post=2124"}],"curies":[{"name":"wp","href":"https:\/\/api.w.org\/{rel}","templated":true}]}}